{"id":10,"date":"2010-11-09T00:06:52","date_gmt":"2010-11-09T00:06:52","guid":{"rendered":"http:\/\/www.verklaro.tv\/no&#038;ca\/?page_id=10"},"modified":"2013-03-25T18:13:36","modified_gmt":"2013-03-25T18:13:36","slug":"festas","status":"publish","type":"page","link":"https:\/\/www.verklaro.tv\/no&ca\/festas\/","title":{"rendered":"Festas"},"content":{"rendered":"<p>Comercializamos todo o tipo de produtos para festas.<\/p>\n<ul>\n<li>Festas infantis<\/li>\n<li>Carnaval<\/li>\n<li>Halloween<\/li>\n<li>Natal<\/li>\n<li>P\u00e1scoa<\/li>\n<li>S\u00e3o Valentin<\/li>\n<li>Joaninas<\/li>\n<li>Casamentos<\/li>\n<li>Anivers\u00e1rios<\/li>\n<li>Despedidas de Solteiro<\/li>\n<li>ETC,,,,<\/li>\n<\/ul>\n<div class=\"al2fb_like_button\"><div id=\"fb-root\"><\/div><script type=\"text\/javascript\">\n(function(d, s, id) {\n  var js, fjs = d.getElementsByTagName(s)[0];\n  if (d.getElementById(id)) return;\n  js = d.createElement(s); js.id = id;\n  js.src = \"\/\/connect.facebook.net\/pt_PT\/all.js#xfbml=1&appId=correio@verklaro.tv\";\n  fjs.parentNode.insertBefore(js, fjs);\n}(document, \"script\", \"facebook-jssdk\"));\n<\/script>\n<fb:like href=\"https:\/\/www.verklaro.tv\/no&ca\/festas\/\" layout=\"standard\" show_faces=\"true\" share=\"false\" width=\"450\" action=\"recommend\" font=\"arial\" colorscheme=\"light\" ref=\"AL2FB\"><\/fb:like><\/div>","protected":false},"excerpt":{"rendered":"<p>Comercializamos todo o tipo de produtos para festas. Festas infantis Carnaval Halloween Natal P\u00e1scoa S\u00e3o Valentin Joaninas Casamentos Anivers\u00e1rios Despedidas de Solteiro ETC,,,,<\/p>\n","protected":false},"author":1,"featured_media":430,"parent":0,"menu_order":3,"comment_status":"closed","ping_status":"closed","template":"onecolumn-page.php","meta":{"footnotes":""},"class_list":["post-10","page","type-page","status-publish","has-post-thumbnail","hentry"],"_links":{"self":[{"href":"https:\/\/www.verklaro.tv\/no&ca\/wp-json\/wp\/v2\/pages\/10","targetHints":{"allow":["GET"]}}],"collection":[{"href":"https:\/\/www.verklaro.tv\/no&ca\/wp-json\/wp\/v2\/pages"}],"about":[{"href":"https:\/\/www.verklaro.tv\/no&ca\/wp-json\/wp\/v2\/types\/page"}],"author":[{"embeddable":true,"href":"https:\/\/www.verklaro.tv\/no&ca\/wp-json\/wp\/v2\/users\/1"}],"replies":[{"embeddable":true,"href":"https:\/\/www.verklaro.tv\/no&ca\/wp-json\/wp\/v2\/comments?post=10"}],"version-history":[{"count":7,"href":"https:\/\/www.verklaro.tv\/no&ca\/wp-json\/wp\/v2\/pages\/10\/revisions"}],"predecessor-version":[{"id":12,"href":"https:\/\/www.verklaro.tv\/no&ca\/wp-json\/wp\/v2\/pages\/10\/revisions\/12"}],"wp:featuredmedia":[{"embeddable":true,"href":"https:\/\/www.verklaro.tv\/no&ca\/wp-json\/wp\/v2\/media\/430"}],"wp:attachment":[{"href":"https:\/\/www.verklaro.tv\/no&ca\/wp-json\/wp\/v2\/media?parent=10"}],"curies":[{"name":"wp","href":"https:\/\/api.w.org\/{rel}","templated":true}]}}