{"id":180,"date":"2011-02-20T19:14:52","date_gmt":"2011-02-20T19:14:52","guid":{"rendered":"http:\/\/www.verklaro.tv\/no&ca\/"},"modified":"2011-03-04T23:37:31","modified_gmt":"2011-03-04T23:37:31","slug":"festas-infantis","status":"publish","type":"page","link":"https:\/\/www.verklaro.tv\/no&ca\/festas\/festas-infantis\/","title":{"rendered":"Festas infantis"},"content":{"rendered":"<ul>\n<li>Produ\u00e7\u00e3o completa de festas infantis.<\/li>\n<li>Aluguer de insuflaveis.<\/li>\n<li>Pinturas e modelagem de bal\u00f5es.<\/li>\n<li>H\u00e9lio e largadas de bal\u00f5es.<\/li>\n<li>Brindes e prendas.<\/li>\n<li>Super surtido de guloseimas.<\/li>\n<li>Servi\u00e7o ao domicilio.<\/li>\n<li>&#8230;<\/li>\n<\/ul>\n<div class=\"al2fb_like_button\"><div id=\"fb-root\"><\/div><script type=\"text\/javascript\">\n(function(d, s, id) {\n  var js, fjs = d.getElementsByTagName(s)[0];\n  if (d.getElementById(id)) return;\n  js = d.createElement(s); js.id = id;\n  js.src = \"\/\/connect.facebook.net\/pt_PT\/all.js#xfbml=1&appId=correio@verklaro.tv\";\n  fjs.parentNode.insertBefore(js, fjs);\n}(document, \"script\", \"facebook-jssdk\"));\n<\/script>\n<fb:like href=\"https:\/\/www.verklaro.tv\/no&ca\/festas\/festas-infantis\/\" layout=\"standard\" show_faces=\"true\" share=\"false\" width=\"450\" action=\"recommend\" font=\"arial\" colorscheme=\"light\" ref=\"AL2FB\"><\/fb:like><\/div>","protected":false},"excerpt":{"rendered":"<p>Produ\u00e7\u00e3o completa de festas infantis. Aluguer de insuflaveis. Pinturas e modelagem de bal\u00f5es. H\u00e9lio e largadas de bal\u00f5es. Brindes e prendas. Super surtido de guloseimas. Servi\u00e7o ao domicilio. &#8230;<\/p>\n","protected":false},"author":2,"featured_media":0,"parent":10,"menu_order":0,"comment_status":"closed","ping_status":"open","template":"onecolumn-page.php","meta":{"footnotes":""},"class_list":["post-180","page","type-page","status-publish","hentry"],"_links":{"self":[{"href":"https:\/\/www.verklaro.tv\/no&ca\/wp-json\/wp\/v2\/pages\/180","targetHints":{"allow":["GET"]}}],"collection":[{"href":"https:\/\/www.verklaro.tv\/no&ca\/wp-json\/wp\/v2\/pages"}],"about":[{"href":"https:\/\/www.verklaro.tv\/no&ca\/wp-json\/wp\/v2\/types\/page"}],"author":[{"embeddable":true,"href":"https:\/\/www.verklaro.tv\/no&ca\/wp-json\/wp\/v2\/users\/2"}],"replies":[{"embeddable":true,"href":"https:\/\/www.verklaro.tv\/no&ca\/wp-json\/wp\/v2\/comments?post=180"}],"version-history":[{"count":3,"href":"https:\/\/www.verklaro.tv\/no&ca\/wp-json\/wp\/v2\/pages\/180\/revisions"}],"predecessor-version":[{"id":182,"href":"https:\/\/www.verklaro.tv\/no&ca\/wp-json\/wp\/v2\/pages\/180\/revisions\/182"}],"up":[{"embeddable":true,"href":"https:\/\/www.verklaro.tv\/no&ca\/wp-json\/wp\/v2\/pages\/10"}],"wp:attachment":[{"href":"https:\/\/www.verklaro.tv\/no&ca\/wp-json\/wp\/v2\/media?parent=180"}],"curies":[{"name":"wp","href":"https:\/\/api.w.org\/{rel}","templated":true}]}}