{"id":2,"date":"2010-11-08T22:34:10","date_gmt":"2010-11-08T22:34:10","guid":{"rendered":"http:\/\/www.verklaro.tv\/no&#038;ca\/?page_id=2"},"modified":"2023-02-11T16:39:45","modified_gmt":"2023-02-11T16:39:45","slug":"sobre","status":"publish","type":"page","link":"https:\/\/www.verklaro.tv\/no&ca\/","title":{"rendered":"Quem somos&#8230;"},"content":{"rendered":"<ul>\n<li>A <span style=\"color: #0000ff;\"><strong>VERKLARO EVENTOS <\/strong><\/span>fornece servi\u00e7os e artigos para festas e eventos.<\/li>\n<li>Especializamo-<span style=\"color: #000000;\">nos<\/span> no apoio a casamentos com todos os produtos e servi\u00e7os necess\u00e1rios.<\/li>\n<li>A nossa equipa \u00e9 formada por profissionais com forma\u00e7\u00e3o, conhecimentos e experi\u00eancia, capazes de produzir a festa dos seus sonhos.<\/li>\n<li>Mais de duas d\u00e9cadas de experi\u00eancia permitem-nos tratar o seu casamento como \u00fanico porque o \u00e9!<\/li>\n<\/ul>\n<ul>\n<li>Procura catering na zona de Viseu? \u00a0contacte-nos, tamb\u00e9m temos cami\u00e3o cozinha.<\/li>\n<li>Disponibilizamos um servi\u00e7o de organiza\u00e7\u00e3o total de casamentos em qualquer ponto do pa\u00eds.<\/li>\n<li>Alugamos material de apoio para festas: pratos, talheres, \u00a0ETC.<\/li>\n<\/ul>\n<div><span style=\"font-size: 16px;\">Neste site encontra t\u00f3picos dos muitos servi\u00e7os que disponibilizamos. Para ver fotografias de servi\u00e7os consulte a nossa<\/span><span style=\"color: #3366ff;\"><strong>\u00a0<a title=\"Galeria de Fotos\" href=\"http:\/\/www.verklaro.tv\/galeriax\/\" target=\"_blank\" rel=\"noopener noreferrer\"><span style=\"color: #3366ff;\"> galeria de fotos<\/span><\/a> .<\/strong><\/span><\/div>\n<div><\/div>\n<p style=\"text-align: justify;\"><strong>eMAIL: \u00a0<a href=\"mailto:verklaro@gmail.com\">verklaro@gmail.com<\/a>\u00a0 TMV:\u00a0 <\/strong>931 668 669 (chamada para a rede m\u00f3vel Nacional\u00a0 (portuguesa))<\/p>\n<p style=\"text-align: justify;\">Gostamos de falar sobre biscoitos, mas a Lei exige que falemos sobre outros tipos de cookies: cookies virtuais. Utilizamos cookies pr\u00f3prias e de terceiros para fins anal\u00edticos e de publicidade. Se voc\u00ea continuar a navegar sem vergonha, entenderemos que voc\u00ea gosta dos nossos cookies. Caso contr\u00e1rio, \u00e9 melhor fechar o navegador, n\u00e3o v\u00e1 ter uma m\u00e1 digest\u00e3o (virtual). E se voc\u00ea quiser saber mais sobre nossa receita de cookies virtuais ou alter\u00e1-los, clique contacte-nos por email.<\/p>\n<p>Tamb\u00e9m disponibilizamos a nossa super receita de bolinhos reais!!!<\/p>\n<h6 style=\"text-align: justify;\">(Para assegurar uma melhor e mais r\u00e1pida navega\u00e7\u00e3o n\u00e3o inclu\u00edmos imagens nesta p\u00e1gina)<\/h6>\n<p>NOTA:\u00a0 esta p\u00e1gina era a p\u00e1gina de entrada da verklaro, uma empresa que j\u00e1 fechou mas como estava pago o dom\u00ednio e alojamento est\u00e1 no ar para efeitos de hist\u00f3ria e de pesquisa de mercado na \u00e1rea dos eventos \/ casamentos.\u00a0 <strong>\u00a0alguma d\u00favida contacte o email, pois ainda funciona.<\/strong><\/p>\n<div class=\"al2fb_like_button\"><div id=\"fb-root\"><\/div><script type=\"text\/javascript\">\n(function(d, s, id) {\n  var js, fjs = d.getElementsByTagName(s)[0];\n  if (d.getElementById(id)) return;\n  js = d.createElement(s); js.id = id;\n  js.src = \"\/\/connect.facebook.net\/pt_PT\/all.js#xfbml=1&appId=correio@verklaro.tv\";\n  fjs.parentNode.insertBefore(js, fjs);\n}(document, \"script\", \"facebook-jssdk\"));\n<\/script>\n<fb:like href=\"https:\/\/www.verklaro.tv\/no&ca\/\" layout=\"standard\" show_faces=\"true\" share=\"false\" width=\"450\" action=\"recommend\" font=\"arial\" colorscheme=\"light\" ref=\"AL2FB\"><\/fb:like><\/div>","protected":false},"excerpt":{"rendered":"<p>A VERKLARO EVENTOS fornece servi\u00e7os e artigos para festas e eventos. Especializamo-nos no apoio a casamentos com todos os produtos e servi\u00e7os necess\u00e1rios. A nossa equipa \u00e9 formada por profissionais com forma\u00e7\u00e3o, conhecimentos e experi\u00eancia, capazes de produzir a festa &hellip; <a href=\"https:\/\/www.verklaro.tv\/no&#038;ca\/\">Continuar a ler <span class=\"meta-nav\">&rarr;<\/span><\/a><\/p>\n","protected":false},"author":2,"featured_media":128,"parent":0,"menu_order":0,"comment_status":"closed","ping_status":"closed","template":"","meta":{"footnotes":""},"class_list":["post-2","page","type-page","status-publish","has-post-thumbnail","hentry"],"_links":{"self":[{"href":"https:\/\/www.verklaro.tv\/no&ca\/wp-json\/wp\/v2\/pages\/2","targetHints":{"allow":["GET"]}}],"collection":[{"href":"https:\/\/www.verklaro.tv\/no&ca\/wp-json\/wp\/v2\/pages"}],"about":[{"href":"https:\/\/www.verklaro.tv\/no&ca\/wp-json\/wp\/v2\/types\/page"}],"author":[{"embeddable":true,"href":"https:\/\/www.verklaro.tv\/no&ca\/wp-json\/wp\/v2\/users\/2"}],"replies":[{"embeddable":true,"href":"https:\/\/www.verklaro.tv\/no&ca\/wp-json\/wp\/v2\/comments?post=2"}],"version-history":[{"count":47,"href":"https:\/\/www.verklaro.tv\/no&ca\/wp-json\/wp\/v2\/pages\/2\/revisions"}],"predecessor-version":[{"id":690,"href":"https:\/\/www.verklaro.tv\/no&ca\/wp-json\/wp\/v2\/pages\/2\/revisions\/690"}],"wp:featuredmedia":[{"embeddable":true,"href":"https:\/\/www.verklaro.tv\/no&ca\/wp-json\/wp\/v2\/media\/128"}],"wp:attachment":[{"href":"https:\/\/www.verklaro.tv\/no&ca\/wp-json\/wp\/v2\/media?parent=2"}],"curies":[{"name":"wp","href":"https:\/\/api.w.org\/{rel}","templated":true}]}}