{"id":214,"date":"2011-03-05T23:27:21","date_gmt":"2011-03-05T23:27:21","guid":{"rendered":"http:\/\/www.verklaro.tv\/no&#038;ca\/?page_id=214"},"modified":"2016-11-17T22:33:02","modified_gmt":"2016-11-17T22:33:02","slug":"produtos","status":"publish","type":"page","link":"https:\/\/www.verklaro.tv\/no&ca\/produtos\/","title":{"rendered":"Produtos"},"content":{"rendered":"<ul>\n<li>A verklaro disponibiliza produtos de apoio a eventos.<\/li>\n<li>Vai organizar uma festa e necessita de produtos n\u00f3s temos a solu\u00e7\u00e3o.<\/li>\n<li>A diversidade de produtos que disponibilizamos \u00e9 tanta que n\u00e3o \u00e9 pr\u00e1tico colocar neste site informa\u00e7\u00e3o detalhada. Para isso brevemente estar\u00e1 dispon\u00edvel uma loja virtual com pre\u00e7os fantasticos!<\/li>\n<li>Alguns exemplos de actividades com produtos dispon\u00edveis:<\/li>\n<\/ul>\n<ul>\n<li>Fotografia\/Video<\/li>\n<li>Anima\u00e7\u00e3o<\/li>\n<li>Insuflaveis<\/li>\n<li>Decora\u00e7\u00e3o<\/li>\n<li>Aluguer de pufs<\/li>\n<li>Som<\/li>\n<li>DJ (equipamentos)<\/li>\n<li>Karaoke<\/li>\n<li>Audio Visuais (som , luz, &#8230;<\/li>\n<li>Projectores de Video, ecras, telas Lusoscreen<\/li>\n<li>Fogo de Artif\u00edcio,<\/li>\n<li>Brindes,<\/li>\n<li>Convites (papel, impress\u00e3o, acess\u00f3rios, fitas, perolas, flores&#8230;)<\/li>\n<li>Artigos florais, Organzas,<\/li>\n<li>\u2026.<\/li>\n<\/ul>\n<ul>\n<li>Precisa de bal\u00f5es para decorar ou simplesmente largar na sua festa n\u00f3s fornecemos os bal\u00f5es,\u00a0 o H\u00e9lio e tratamos das autoriza\u00e7\u00f5es de lan\u00e7amento.<\/li>\n<li>Solicitamos que nos contactem pelo canal que julgarem mais adquado apresentando a vossa ideia ou pedido de or\u00e7amento.<\/li>\n<li>Em alguns casos fornecemos produtos para terceiros a pre\u00e7os de revenda. Contactem-nos dando essa informa\u00e7\u00e3o e pedindo cota\u00e7\u00e3o.<\/li>\n<\/ul>\n<p>&nbsp;<\/p>\n<div class=\"al2fb_like_button\"><div id=\"fb-root\"><\/div><script type=\"text\/javascript\">\n(function(d, s, id) {\n  var js, fjs = d.getElementsByTagName(s)[0];\n  if (d.getElementById(id)) return;\n  js = d.createElement(s); js.id = id;\n  js.src = \"\/\/connect.facebook.net\/pt_PT\/all.js#xfbml=1&appId=correio@verklaro.tv\";\n  fjs.parentNode.insertBefore(js, fjs);\n}(document, \"script\", \"facebook-jssdk\"));\n<\/script>\n<fb:like href=\"https:\/\/www.verklaro.tv\/no&ca\/produtos\/\" layout=\"standard\" show_faces=\"true\" share=\"false\" width=\"450\" action=\"recommend\" font=\"arial\" colorscheme=\"light\" ref=\"AL2FB\"><\/fb:like><\/div>","protected":false},"excerpt":{"rendered":"<p>A verklaro disponibiliza produtos de apoio a eventos. Vai organizar uma festa e necessita de produtos n\u00f3s temos a solu\u00e7\u00e3o. A diversidade de produtos que disponibilizamos \u00e9 tanta que n\u00e3o \u00e9 pr\u00e1tico colocar neste site informa\u00e7\u00e3o detalhada. Para isso brevemente &hellip; <a href=\"https:\/\/www.verklaro.tv\/no&#038;ca\/produtos\/\">Continuar a ler <span class=\"meta-nav\">&rarr;<\/span><\/a><\/p>\n","protected":false},"author":2,"featured_media":0,"parent":0,"menu_order":6,"comment_status":"closed","ping_status":"open","template":"","meta":{"footnotes":""},"class_list":["post-214","page","type-page","status-publish","hentry"],"_links":{"self":[{"href":"https:\/\/www.verklaro.tv\/no&ca\/wp-json\/wp\/v2\/pages\/214","targetHints":{"allow":["GET"]}}],"collection":[{"href":"https:\/\/www.verklaro.tv\/no&ca\/wp-json\/wp\/v2\/pages"}],"about":[{"href":"https:\/\/www.verklaro.tv\/no&ca\/wp-json\/wp\/v2\/types\/page"}],"author":[{"embeddable":true,"href":"https:\/\/www.verklaro.tv\/no&ca\/wp-json\/wp\/v2\/users\/2"}],"replies":[{"embeddable":true,"href":"https:\/\/www.verklaro.tv\/no&ca\/wp-json\/wp\/v2\/comments?post=214"}],"version-history":[{"count":1,"href":"https:\/\/www.verklaro.tv\/no&ca\/wp-json\/wp\/v2\/pages\/214\/revisions"}],"predecessor-version":[{"id":215,"href":"https:\/\/www.verklaro.tv\/no&ca\/wp-json\/wp\/v2\/pages\/214\/revisions\/215"}],"wp:attachment":[{"href":"https:\/\/www.verklaro.tv\/no&ca\/wp-json\/wp\/v2\/media?parent=214"}],"curies":[{"name":"wp","href":"https:\/\/api.w.org\/{rel}","templated":true}]}}