{"id":90,"date":"2011-01-11T11:32:39","date_gmt":"2011-01-11T11:32:39","guid":{"rendered":"http:\/\/www.verklaro.tv\/no&#038;ca"},"modified":"2013-03-25T19:49:22","modified_gmt":"2013-03-25T19:49:22","slug":"animacao-2","status":"publish","type":"page","link":"https:\/\/www.verklaro.tv\/no&ca\/servicos\/animacao-2\/","title":{"rendered":"Anima\u00e7\u00e3o"},"content":{"rendered":"<ul>\n<li>Modelagem de bal\u00f5es<\/li>\n<li>H\u00e9lio<\/li>\n<li>Fatos<\/li>\n<li>Sapatos<\/li>\n<li>Anima\u00e7\u00e3o infantil<\/li>\n<li>Palha\u00e7os<\/li>\n<li>Baby sitting<\/li>\n<li>Insuflaveis<\/li>\n<li>&#8230;<\/li>\n<\/ul>\n<div class=\"al2fb_like_button\"><div id=\"fb-root\"><\/div><script type=\"text\/javascript\">\n(function(d, s, id) {\n  var js, fjs = d.getElementsByTagName(s)[0];\n  if (d.getElementById(id)) return;\n  js = d.createElement(s); js.id = id;\n  js.src = \"\/\/connect.facebook.net\/pt_PT\/all.js#xfbml=1&appId=correio@verklaro.tv\";\n  fjs.parentNode.insertBefore(js, fjs);\n}(document, \"script\", \"facebook-jssdk\"));\n<\/script>\n<fb:like href=\"https:\/\/www.verklaro.tv\/no&ca\/servicos\/animacao-2\/\" layout=\"standard\" show_faces=\"true\" share=\"false\" width=\"450\" action=\"recommend\" font=\"arial\" colorscheme=\"light\" ref=\"AL2FB\"><\/fb:like><\/div>","protected":false},"excerpt":{"rendered":"<p>Modelagem de bal\u00f5es H\u00e9lio Fatos Sapatos Anima\u00e7\u00e3o infantil Palha\u00e7os Baby sitting Insuflaveis &#8230;<\/p>\n","protected":false},"author":1,"featured_media":432,"parent":14,"menu_order":8,"comment_status":"closed","ping_status":"open","template":"onecolumn-page.php","meta":{"footnotes":""},"class_list":["post-90","page","type-page","status-publish","has-post-thumbnail","hentry"],"_links":{"self":[{"href":"https:\/\/www.verklaro.tv\/no&ca\/wp-json\/wp\/v2\/pages\/90","targetHints":{"allow":["GET"]}}],"collection":[{"href":"https:\/\/www.verklaro.tv\/no&ca\/wp-json\/wp\/v2\/pages"}],"about":[{"href":"https:\/\/www.verklaro.tv\/no&ca\/wp-json\/wp\/v2\/types\/page"}],"author":[{"embeddable":true,"href":"https:\/\/www.verklaro.tv\/no&ca\/wp-json\/wp\/v2\/users\/1"}],"replies":[{"embeddable":true,"href":"https:\/\/www.verklaro.tv\/no&ca\/wp-json\/wp\/v2\/comments?post=90"}],"version-history":[{"count":10,"href":"https:\/\/www.verklaro.tv\/no&ca\/wp-json\/wp\/v2\/pages\/90\/revisions"}],"predecessor-version":[{"id":442,"href":"https:\/\/www.verklaro.tv\/no&ca\/wp-json\/wp\/v2\/pages\/90\/revisions\/442"}],"up":[{"embeddable":true,"href":"https:\/\/www.verklaro.tv\/no&ca\/wp-json\/wp\/v2\/pages\/14"}],"wp:featuredmedia":[{"embeddable":true,"href":"https:\/\/www.verklaro.tv\/no&ca\/wp-json\/wp\/v2\/media\/432"}],"wp:attachment":[{"href":"https:\/\/www.verklaro.tv\/no&ca\/wp-json\/wp\/v2\/media?parent=90"}],"curies":[{"name":"wp","href":"https:\/\/api.w.org\/{rel}","templated":true}]}}